{"id":11879,"date":"2026-03-23T17:19:21","date_gmt":"2026-03-23T16:19:21","guid":{"rendered":"https:\/\/goodrate.nl\/?post_type=product&#038;p=11879"},"modified":"2026-04-17T09:26:05","modified_gmt":"2026-04-17T07:26:05","slug":"wk-ventilatortje-kaapverdie","status":"publish","type":"product","link":"https:\/\/goodrate.nl\/en\/product\/wk-ventilatortje-kaapverdie\/","title":{"rendered":"WK ventilator met Kriolu teksten -LIMITED!"},"content":{"rendered":"<p class=\"isSelectedEnd\"><strong>WK ventilator met Kriolu teksten\ud83d\udc99<\/strong><\/p>\n<p class=\"isSelectedEnd\">Blijf koel \u00e9n laat je support zien voor Kaapverdi\u00eb tijdens het WK! Deze compacte ventilator is d\u00e9 must-have voor warme dagen, drukke wedstrijden en feestelijke momenten.<\/p>\n<p class=\"isSelectedEnd\">De ventilator is verkrijgbaar in de variant:<\/p>\n<p class=\"isSelectedEnd\">\ud83d\udc99 Blauw met rode tekst<\/p>\n<p class=\"isSelectedEnd\">Perfect afgestemd op de kleuren van Kaapverdi\u00eb, zodat jij altijd in stijl je team kunt supporten.<\/p>\n<p class=\"isSelectedEnd\">De volgende teksten zijn zichtbaar op de ventilator:<\/p>\n<p class=\"isSelectedEnd\"><strong>\u2764\ufe0f<\/strong> Cabo Verde <strong>\u2764\ufe0f<\/strong><br \/>\nTubaron azul nos orgulho<br \/>\nCabo Verde e forte<\/p>\n<p class=\"isSelectedEnd\">Dankzij het compacte formaat neem je hem makkelijk overal mee naartoe \u2014 ideaal voor festivals, wedstrijden of gewoon onderweg.<\/p>\n<p class=\"isSelectedEnd\">\ud83d\udd0b Inclusief 3 AAA-batterijen \u2013 direct klaar voor gebruik<br \/>\n\ud83c\udf2c\ufe0f Sterke en verfrissende airflow<br \/>\n\ud83d\udccf Compact formaat: \u00b1 12 cm<br \/>\n\ud83c\udf89 Ideaal voor het WK, festivals en warme dagen<\/p>\n<p class=\"isSelectedEnd\">Of je nu in het stadion staat, een feestje viert of gewoon verkoeling zoekt: met deze ventilator zit je altijd goed.<\/p>\n<p><strong>Support Kaapverdi\u00eb. Stay cool. \ud83d\udc99\u2764\ufe0f<\/strong><\/p>","protected":false},"excerpt":{"rendered":"<p>WK ventilator met Kriolu teksten\ud83d\udc99 Blijf koel \u00e9n laat je support zien voor Kaapverdi\u00eb tijdens het WK! Deze compacte ventilator is d\u00e9 must-have voor warme dagen, drukke wedstrijden en feestelijke momenten. De ventilator is verkrijgbaar in de variant: \ud83d\udc99 Blauw met rode tekst Perfect afgestemd op de kleuren van Kaapverdi\u00eb, zodat jij altijd in stijl [&hellip;]<\/p>\n","protected":false},"featured_media":11882,"comment_status":"open","ping_status":"closed","template":"elementor_theme","meta":{"jetpack_post_was_ever_published":false,"jetpack_publicize_message":"","jetpack_publicize_feature_enabled":true,"jetpack_social_post_already_shared":true,"jetpack_social_options":{"image_generator_settings":{"template":"highway","default_image_id":0,"font":"","enabled":false},"version":2}},"product_brand":[],"product_cat":[138,1299],"product_tag":[],"class_list":{"0":"post-11879","1":"product","2":"type-product","3":"status-publish","4":"has-post-thumbnail","6":"product_cat-accessoires","7":"product_cat-wk-edition","9":"first","10":"instock","11":"taxable","12":"shipping-taxable","13":"purchasable","14":"product-type-simple"},"yoast_head":"<!-- This site is optimized with the Yoast SEO plugin v27.4 - https:\/\/yoast.com\/product\/yoast-seo-wordpress\/ -->\n<title>WK ventilator met Kriolu teksten -LIMITED! - GoodRate.nl<\/title>\n<meta name=\"robots\" content=\"index, follow, max-snippet:-1, max-image-preview:large, max-video-preview:-1\" \/>\n<link rel=\"canonical\" href=\"https:\/\/goodrate.nl\/en\/product\/wk-ventilatortje-kaapverdie\/\" \/>\n<meta property=\"og:locale\" content=\"en_US\" \/>\n<meta property=\"og:type\" content=\"article\" \/>\n<meta property=\"og:title\" content=\"WK ventilator met Kriolu teksten -LIMITED! - GoodRate.nl\" \/>\n<meta property=\"og:description\" content=\"WK ventilator met Kriolu teksten\ud83d\udc99 Blijf koel \u00e9n laat je support zien voor Kaapverdi\u00eb tijdens het WK! Deze compacte ventilator is d\u00e9 must-have voor warme dagen, drukke wedstrijden en feestelijke momenten. De ventilator is verkrijgbaar in de variant: \ud83d\udc99 Blauw met rode tekst Perfect afgestemd op de kleuren van Kaapverdi\u00eb, zodat jij altijd in stijl [&hellip;]\" \/>\n<meta property=\"og:url\" content=\"https:\/\/goodrate.nl\/en\/product\/wk-ventilatortje-kaapverdie\/\" \/>\n<meta property=\"og:site_name\" content=\"GoodRate.nl\" \/>\n<meta property=\"article:publisher\" content=\"https:\/\/www.facebook.com\/goodratenl\" \/>\n<meta property=\"article:modified_time\" content=\"2026-04-17T07:26:05+00:00\" \/>\n<meta property=\"og:image\" content=\"https:\/\/goodrate.nl\/wp-content\/uploads\/2026\/03\/Ventilator-Cabo-Verde.jpg\" \/>\n\t<meta property=\"og:image:width\" content=\"707\" \/>\n\t<meta property=\"og:image:height\" content=\"707\" \/>\n\t<meta property=\"og:image:type\" content=\"image\/jpeg\" \/>\n<meta name=\"twitter:card\" content=\"summary_large_image\" \/>\n<meta name=\"twitter:label1\" content=\"Est. reading time\" \/>\n\t<meta name=\"twitter:data1\" content=\"1 minute\" \/>\n<script type=\"application\/ld+json\" class=\"yoast-schema-graph\">{\"@context\":\"https:\\\/\\\/schema.org\",\"@graph\":[{\"@type\":\"WebPage\",\"@id\":\"https:\\\/\\\/goodrate.nl\\\/product\\\/wk-ventilatortje-kaapverdie\\\/\",\"url\":\"https:\\\/\\\/goodrate.nl\\\/product\\\/wk-ventilatortje-kaapverdie\\\/\",\"name\":\"WK ventilator met Kriolu teksten -LIMITED! - GoodRate.nl\",\"isPartOf\":{\"@id\":\"https:\\\/\\\/goodrate.nl\\\/#website\"},\"primaryImageOfPage\":{\"@id\":\"https:\\\/\\\/goodrate.nl\\\/product\\\/wk-ventilatortje-kaapverdie\\\/#primaryimage\"},\"image\":{\"@id\":\"https:\\\/\\\/goodrate.nl\\\/product\\\/wk-ventilatortje-kaapverdie\\\/#primaryimage\"},\"thumbnailUrl\":\"https:\\\/\\\/i0.wp.com\\\/goodrate.nl\\\/wp-content\\\/uploads\\\/2026\\\/03\\\/Ventilator-Cabo-Verde.jpg?fit=707%2C707&ssl=1\",\"datePublished\":\"2026-03-23T16:19:21+00:00\",\"dateModified\":\"2026-04-17T07:26:05+00:00\",\"breadcrumb\":{\"@id\":\"https:\\\/\\\/goodrate.nl\\\/product\\\/wk-ventilatortje-kaapverdie\\\/#breadcrumb\"},\"inLanguage\":\"en-US\",\"potentialAction\":[{\"@type\":\"ReadAction\",\"target\":[\"https:\\\/\\\/goodrate.nl\\\/product\\\/wk-ventilatortje-kaapverdie\\\/\"]}]},{\"@type\":\"ImageObject\",\"inLanguage\":\"en-US\",\"@id\":\"https:\\\/\\\/goodrate.nl\\\/product\\\/wk-ventilatortje-kaapverdie\\\/#primaryimage\",\"url\":\"https:\\\/\\\/i0.wp.com\\\/goodrate.nl\\\/wp-content\\\/uploads\\\/2026\\\/03\\\/Ventilator-Cabo-Verde.jpg?fit=707%2C707&ssl=1\",\"contentUrl\":\"https:\\\/\\\/i0.wp.com\\\/goodrate.nl\\\/wp-content\\\/uploads\\\/2026\\\/03\\\/Ventilator-Cabo-Verde.jpg?fit=707%2C707&ssl=1\",\"width\":707,\"height\":707},{\"@type\":\"BreadcrumbList\",\"@id\":\"https:\\\/\\\/goodrate.nl\\\/product\\\/wk-ventilatortje-kaapverdie\\\/#breadcrumb\",\"itemListElement\":[{\"@type\":\"ListItem\",\"position\":1,\"name\":\"Home\",\"item\":\"https:\\\/\\\/goodrate.nl\\\/\"},{\"@type\":\"ListItem\",\"position\":2,\"name\":\"Shop\",\"item\":\"https:\\\/\\\/goodrate.nl\\\/shop\\\/\"},{\"@type\":\"ListItem\",\"position\":3,\"name\":\"WK ventilator met Kriolu teksten -LIMITED!\"}]},{\"@type\":\"WebSite\",\"@id\":\"https:\\\/\\\/goodrate.nl\\\/#website\",\"url\":\"https:\\\/\\\/goodrate.nl\\\/\",\"name\":\"GoodRate\",\"description\":\"De leukste handgemaakte kleding en accessoires\",\"publisher\":{\"@id\":\"https:\\\/\\\/goodrate.nl\\\/#organization\"},\"potentialAction\":[{\"@type\":\"SearchAction\",\"target\":{\"@type\":\"EntryPoint\",\"urlTemplate\":\"https:\\\/\\\/goodrate.nl\\\/?s={search_term_string}\"},\"query-input\":{\"@type\":\"PropertyValueSpecification\",\"valueRequired\":true,\"valueName\":\"search_term_string\"}}],\"inLanguage\":\"en-US\"},{\"@type\":\"Organization\",\"@id\":\"https:\\\/\\\/goodrate.nl\\\/#organization\",\"name\":\"GoodRate\",\"url\":\"https:\\\/\\\/goodrate.nl\\\/\",\"logo\":{\"@type\":\"ImageObject\",\"inLanguage\":\"en-US\",\"@id\":\"https:\\\/\\\/goodrate.nl\\\/#\\\/schema\\\/logo\\\/image\\\/\",\"url\":\"\",\"contentUrl\":\"\",\"caption\":\"GoodRate\"},\"image\":{\"@id\":\"https:\\\/\\\/goodrate.nl\\\/#\\\/schema\\\/logo\\\/image\\\/\"},\"sameAs\":[\"https:\\\/\\\/www.facebook.com\\\/goodratenl\",\"https:\\\/\\\/www.instagram.com\\\/goodratenl\\\/\",\"https:\\\/\\\/www.tiktok.com\\\/@goodratenl\"]}]}<\/script>\n<!-- \/ Yoast SEO plugin. -->","yoast_head_json":{"title":"WK ventilator met Kriolu teksten -LIMITED! - GoodRate.nl","robots":{"index":"index","follow":"follow","max-snippet":"max-snippet:-1","max-image-preview":"max-image-preview:large","max-video-preview":"max-video-preview:-1"},"canonical":"https:\/\/goodrate.nl\/en\/product\/wk-ventilatortje-kaapverdie\/","og_locale":"en_US","og_type":"article","og_title":"WK ventilator met Kriolu teksten -LIMITED! - GoodRate.nl","og_description":"WK ventilator met Kriolu teksten\ud83d\udc99 Blijf koel \u00e9n laat je support zien voor Kaapverdi\u00eb tijdens het WK! Deze compacte ventilator is d\u00e9 must-have voor warme dagen, drukke wedstrijden en feestelijke momenten. De ventilator is verkrijgbaar in de variant: \ud83d\udc99 Blauw met rode tekst Perfect afgestemd op de kleuren van Kaapverdi\u00eb, zodat jij altijd in stijl [&hellip;]","og_url":"https:\/\/goodrate.nl\/en\/product\/wk-ventilatortje-kaapverdie\/","og_site_name":"GoodRate.nl","article_publisher":"https:\/\/www.facebook.com\/goodratenl","article_modified_time":"2026-04-17T07:26:05+00:00","og_image":[{"width":707,"height":707,"url":"https:\/\/goodrate.nl\/wp-content\/uploads\/2026\/03\/Ventilator-Cabo-Verde.jpg","type":"image\/jpeg"}],"twitter_card":"summary_large_image","twitter_misc":{"Est. reading time":"1 minute"},"schema":{"@context":"https:\/\/schema.org","@graph":[{"@type":"WebPage","@id":"https:\/\/goodrate.nl\/product\/wk-ventilatortje-kaapverdie\/","url":"https:\/\/goodrate.nl\/product\/wk-ventilatortje-kaapverdie\/","name":"WK ventilator met Kriolu teksten -LIMITED! - GoodRate.nl","isPartOf":{"@id":"https:\/\/goodrate.nl\/#website"},"primaryImageOfPage":{"@id":"https:\/\/goodrate.nl\/product\/wk-ventilatortje-kaapverdie\/#primaryimage"},"image":{"@id":"https:\/\/goodrate.nl\/product\/wk-ventilatortje-kaapverdie\/#primaryimage"},"thumbnailUrl":"https:\/\/i0.wp.com\/goodrate.nl\/wp-content\/uploads\/2026\/03\/Ventilator-Cabo-Verde.jpg?fit=707%2C707&ssl=1","datePublished":"2026-03-23T16:19:21+00:00","dateModified":"2026-04-17T07:26:05+00:00","breadcrumb":{"@id":"https:\/\/goodrate.nl\/product\/wk-ventilatortje-kaapverdie\/#breadcrumb"},"inLanguage":"en-US","potentialAction":[{"@type":"ReadAction","target":["https:\/\/goodrate.nl\/product\/wk-ventilatortje-kaapverdie\/"]}]},{"@type":"ImageObject","inLanguage":"en-US","@id":"https:\/\/goodrate.nl\/product\/wk-ventilatortje-kaapverdie\/#primaryimage","url":"https:\/\/i0.wp.com\/goodrate.nl\/wp-content\/uploads\/2026\/03\/Ventilator-Cabo-Verde.jpg?fit=707%2C707&ssl=1","contentUrl":"https:\/\/i0.wp.com\/goodrate.nl\/wp-content\/uploads\/2026\/03\/Ventilator-Cabo-Verde.jpg?fit=707%2C707&ssl=1","width":707,"height":707},{"@type":"BreadcrumbList","@id":"https:\/\/goodrate.nl\/product\/wk-ventilatortje-kaapverdie\/#breadcrumb","itemListElement":[{"@type":"ListItem","position":1,"name":"Home","item":"https:\/\/goodrate.nl\/"},{"@type":"ListItem","position":2,"name":"Shop","item":"https:\/\/goodrate.nl\/shop\/"},{"@type":"ListItem","position":3,"name":"WK ventilator met Kriolu teksten -LIMITED!"}]},{"@type":"WebSite","@id":"https:\/\/goodrate.nl\/#website","url":"https:\/\/goodrate.nl\/","name":"GoodRate","description":"De leukste handgemaakte kleding en accessoires","publisher":{"@id":"https:\/\/goodrate.nl\/#organization"},"potentialAction":[{"@type":"SearchAction","target":{"@type":"EntryPoint","urlTemplate":"https:\/\/goodrate.nl\/?s={search_term_string}"},"query-input":{"@type":"PropertyValueSpecification","valueRequired":true,"valueName":"search_term_string"}}],"inLanguage":"en-US"},{"@type":"Organization","@id":"https:\/\/goodrate.nl\/#organization","name":"GoodRate","url":"https:\/\/goodrate.nl\/","logo":{"@type":"ImageObject","inLanguage":"en-US","@id":"https:\/\/goodrate.nl\/#\/schema\/logo\/image\/","url":"","contentUrl":"","caption":"GoodRate"},"image":{"@id":"https:\/\/goodrate.nl\/#\/schema\/logo\/image\/"},"sameAs":["https:\/\/www.facebook.com\/goodratenl","https:\/\/www.instagram.com\/goodratenl\/","https:\/\/www.tiktok.com\/@goodratenl"]}]}},"jetpack_publicize_connections":[],"jetpack_sharing_enabled":true,"_links":{"self":[{"href":"https:\/\/goodrate.nl\/en\/wp-json\/wp\/v2\/product\/11879","targetHints":{"allow":["GET"]}}],"collection":[{"href":"https:\/\/goodrate.nl\/en\/wp-json\/wp\/v2\/product"}],"about":[{"href":"https:\/\/goodrate.nl\/en\/wp-json\/wp\/v2\/types\/product"}],"replies":[{"embeddable":true,"href":"https:\/\/goodrate.nl\/en\/wp-json\/wp\/v2\/comments?post=11879"}],"version-history":[{"count":2,"href":"https:\/\/goodrate.nl\/en\/wp-json\/wp\/v2\/product\/11879\/revisions"}],"predecessor-version":[{"id":11893,"href":"https:\/\/goodrate.nl\/en\/wp-json\/wp\/v2\/product\/11879\/revisions\/11893"}],"wp:featuredmedia":[{"embeddable":true,"href":"https:\/\/goodrate.nl\/en\/wp-json\/wp\/v2\/media\/11882"}],"wp:attachment":[{"href":"https:\/\/goodrate.nl\/en\/wp-json\/wp\/v2\/media?parent=11879"}],"wp:term":[{"taxonomy":"product_brand","embeddable":true,"href":"https:\/\/goodrate.nl\/en\/wp-json\/wp\/v2\/product_brand?post=11879"},{"taxonomy":"product_cat","embeddable":true,"href":"https:\/\/goodrate.nl\/en\/wp-json\/wp\/v2\/product_cat?post=11879"},{"taxonomy":"product_tag","embeddable":true,"href":"https:\/\/goodrate.nl\/en\/wp-json\/wp\/v2\/product_tag?post=11879"}],"curies":[{"name":"wp","href":"https:\/\/api.w.org\/{rel}","templated":true}]}}