{"id":11218,"date":"2025-10-18T03:12:47","date_gmt":"2025-10-18T01:12:47","guid":{"rendered":"https:\/\/goodrate.nl\/?post_type=product&#038;p=11218"},"modified":"2026-04-09T14:15:16","modified_gmt":"2026-04-09T12:15:16","slug":"scrunchie-met-vlag-kaapverdie","status":"publish","type":"product","link":"https:\/\/goodrate.nl\/en\/product\/scrunchie-met-vlag-kaapverdie\/","title":{"rendered":"Scrunchie met vlag Kaapverdi\u00eb"},"content":{"rendered":"<p data-start=\"179\" data-end=\"561\">Laat je Kaapverdische trots zien met deze stijlvolle haarscrunchie, ge\u00efnspireerd op de kleuren van de vlag van Kaapverdi\u00eb. Het diepe blauw, de rode streep en de cirkel van gele sterren geven deze scrunchie een elegante uitstraling met een vleugje eilandspirit. Perfect voor feestdagen, culturele evenementen of als betekenisvol mode-accessoire in het dagelijks leven.<\/p>\n<p data-start=\"563\" data-end=\"955\">Formaat: Medium (geschikt voor de meeste haartypes)<br data-start=\"618\" data-end=\"621\" \/>Design: Blauw met rode en witte accenten en gele sterren \u2013 gebaseerd op de vlag van Kaapverdi\u00eb<br data-start=\"719\" data-end=\"722\" \/>Materiaal: Zachte, elastische stof die vriendelijk is voor het haar<br data-start=\"793\" data-end=\"796\" data-is-only-node=\"\" \/>Comfortabel en stevig \u2013 houdt je haar goed vast zonder te trekken<br data-start=\"865\" data-end=\"868\" \/>Ideaal als cadeau of om je eilandliefde te laten zien<br data-start=\"925\" data-end=\"928\" \/>Wordt per stuk verkocht<\/p>","protected":false},"excerpt":{"rendered":"<p>Laat je Kaapverdische trots zien met deze stijlvolle haarscrunchie, ge\u00efnspireerd op de kleuren van de vlag van Kaapverdi\u00eb. Het diepe blauw, de rode streep en de cirkel van gele sterren geven deze scrunchie een elegante uitstraling met een vleugje eilandspirit. Perfect voor feestdagen, culturele evenementen of als betekenisvol mode-accessoire in het dagelijks leven. Formaat: Medium [&hellip;]<\/p>\n","protected":false},"featured_media":12169,"comment_status":"open","ping_status":"closed","template":"","meta":{"jetpack_post_was_ever_published":false,"jetpack_publicize_message":"","jetpack_publicize_feature_enabled":true,"jetpack_social_post_already_shared":true,"jetpack_social_options":{"image_generator_settings":{"template":"highway","default_image_id":0,"font":"","enabled":false},"version":2}},"product_brand":[],"product_cat":[138,1146],"product_tag":[1130],"class_list":{"0":"post-11218","1":"product","2":"type-product","3":"status-publish","4":"has-post-thumbnail","6":"product_cat-accessoires","7":"product_cat-scrunchies","8":"product_tag-kaapverdie","10":"first","11":"instock","12":"taxable","13":"shipping-taxable","14":"purchasable","15":"product-type-simple"},"yoast_head":"<!-- This site is optimized with the Yoast SEO plugin v27.4 - https:\/\/yoast.com\/product\/yoast-seo-wordpress\/ -->\n<title>Scrunchie met vlag Kaapverdi\u00eb - GoodRate.nl<\/title>\n<meta name=\"robots\" content=\"index, follow, max-snippet:-1, max-image-preview:large, max-video-preview:-1\" \/>\n<link rel=\"canonical\" href=\"https:\/\/goodrate.nl\/en\/product\/scrunchie-met-vlag-kaapverdie\/\" \/>\n<meta property=\"og:locale\" content=\"en_US\" \/>\n<meta property=\"og:type\" content=\"article\" \/>\n<meta property=\"og:title\" content=\"Scrunchie met vlag Kaapverdi\u00eb - GoodRate.nl\" \/>\n<meta property=\"og:description\" content=\"Laat je Kaapverdische trots zien met deze stijlvolle haarscrunchie, ge\u00efnspireerd op de kleuren van de vlag van Kaapverdi\u00eb. Het diepe blauw, de rode streep en de cirkel van gele sterren geven deze scrunchie een elegante uitstraling met een vleugje eilandspirit. Perfect voor feestdagen, culturele evenementen of als betekenisvol mode-accessoire in het dagelijks leven. Formaat: Medium [&hellip;]\" \/>\n<meta property=\"og:url\" content=\"https:\/\/goodrate.nl\/en\/product\/scrunchie-met-vlag-kaapverdie\/\" \/>\n<meta property=\"og:site_name\" content=\"GoodRate.nl\" \/>\n<meta property=\"article:publisher\" content=\"https:\/\/www.facebook.com\/goodratenl\" \/>\n<meta property=\"article:modified_time\" content=\"2026-04-09T12:15:16+00:00\" \/>\n<meta property=\"og:image\" content=\"https:\/\/goodrate.nl\/wp-content\/uploads\/2025\/10\/scrunchie-kaapverdie-voorkant.png\" \/>\n\t<meta property=\"og:image:width\" content=\"707\" \/>\n\t<meta property=\"og:image:height\" content=\"707\" \/>\n\t<meta property=\"og:image:type\" content=\"image\/png\" \/>\n<meta name=\"twitter:card\" content=\"summary_large_image\" \/>\n<meta name=\"twitter:label1\" content=\"Est. reading time\" \/>\n\t<meta name=\"twitter:data1\" content=\"1 minute\" \/>\n<script type=\"application\/ld+json\" class=\"yoast-schema-graph\">{\"@context\":\"https:\\\/\\\/schema.org\",\"@graph\":[{\"@type\":\"WebPage\",\"@id\":\"https:\\\/\\\/goodrate.nl\\\/product\\\/scrunchie-met-vlag-kaapverdie\\\/\",\"url\":\"https:\\\/\\\/goodrate.nl\\\/product\\\/scrunchie-met-vlag-kaapverdie\\\/\",\"name\":\"Scrunchie met vlag Kaapverdi\u00eb - GoodRate.nl\",\"isPartOf\":{\"@id\":\"https:\\\/\\\/goodrate.nl\\\/#website\"},\"primaryImageOfPage\":{\"@id\":\"https:\\\/\\\/goodrate.nl\\\/product\\\/scrunchie-met-vlag-kaapverdie\\\/#primaryimage\"},\"image\":{\"@id\":\"https:\\\/\\\/goodrate.nl\\\/product\\\/scrunchie-met-vlag-kaapverdie\\\/#primaryimage\"},\"thumbnailUrl\":\"https:\\\/\\\/i0.wp.com\\\/goodrate.nl\\\/wp-content\\\/uploads\\\/2025\\\/10\\\/scrunchie-kaapverdie-voorkant.png?fit=707%2C707&ssl=1\",\"datePublished\":\"2025-10-18T01:12:47+00:00\",\"dateModified\":\"2026-04-09T12:15:16+00:00\",\"breadcrumb\":{\"@id\":\"https:\\\/\\\/goodrate.nl\\\/product\\\/scrunchie-met-vlag-kaapverdie\\\/#breadcrumb\"},\"inLanguage\":\"en-US\",\"potentialAction\":[{\"@type\":\"ReadAction\",\"target\":[\"https:\\\/\\\/goodrate.nl\\\/product\\\/scrunchie-met-vlag-kaapverdie\\\/\"]}]},{\"@type\":\"ImageObject\",\"inLanguage\":\"en-US\",\"@id\":\"https:\\\/\\\/goodrate.nl\\\/product\\\/scrunchie-met-vlag-kaapverdie\\\/#primaryimage\",\"url\":\"https:\\\/\\\/i0.wp.com\\\/goodrate.nl\\\/wp-content\\\/uploads\\\/2025\\\/10\\\/scrunchie-kaapverdie-voorkant.png?fit=707%2C707&ssl=1\",\"contentUrl\":\"https:\\\/\\\/i0.wp.com\\\/goodrate.nl\\\/wp-content\\\/uploads\\\/2025\\\/10\\\/scrunchie-kaapverdie-voorkant.png?fit=707%2C707&ssl=1\",\"width\":707,\"height\":707},{\"@type\":\"BreadcrumbList\",\"@id\":\"https:\\\/\\\/goodrate.nl\\\/product\\\/scrunchie-met-vlag-kaapverdie\\\/#breadcrumb\",\"itemListElement\":[{\"@type\":\"ListItem\",\"position\":1,\"name\":\"Home\",\"item\":\"https:\\\/\\\/goodrate.nl\\\/\"},{\"@type\":\"ListItem\",\"position\":2,\"name\":\"Shop\",\"item\":\"https:\\\/\\\/goodrate.nl\\\/shop\\\/\"},{\"@type\":\"ListItem\",\"position\":3,\"name\":\"Scrunchie met vlag Kaapverdi\u00eb\"}]},{\"@type\":\"WebSite\",\"@id\":\"https:\\\/\\\/goodrate.nl\\\/#website\",\"url\":\"https:\\\/\\\/goodrate.nl\\\/\",\"name\":\"GoodRate\",\"description\":\"De leukste handgemaakte kleding en accessoires\",\"publisher\":{\"@id\":\"https:\\\/\\\/goodrate.nl\\\/#organization\"},\"potentialAction\":[{\"@type\":\"SearchAction\",\"target\":{\"@type\":\"EntryPoint\",\"urlTemplate\":\"https:\\\/\\\/goodrate.nl\\\/?s={search_term_string}\"},\"query-input\":{\"@type\":\"PropertyValueSpecification\",\"valueRequired\":true,\"valueName\":\"search_term_string\"}}],\"inLanguage\":\"en-US\"},{\"@type\":\"Organization\",\"@id\":\"https:\\\/\\\/goodrate.nl\\\/#organization\",\"name\":\"GoodRate\",\"url\":\"https:\\\/\\\/goodrate.nl\\\/\",\"logo\":{\"@type\":\"ImageObject\",\"inLanguage\":\"en-US\",\"@id\":\"https:\\\/\\\/goodrate.nl\\\/#\\\/schema\\\/logo\\\/image\\\/\",\"url\":\"\",\"contentUrl\":\"\",\"caption\":\"GoodRate\"},\"image\":{\"@id\":\"https:\\\/\\\/goodrate.nl\\\/#\\\/schema\\\/logo\\\/image\\\/\"},\"sameAs\":[\"https:\\\/\\\/www.facebook.com\\\/goodratenl\",\"https:\\\/\\\/www.instagram.com\\\/goodratenl\\\/\",\"https:\\\/\\\/www.tiktok.com\\\/@goodratenl\"]}]}<\/script>\n<!-- \/ Yoast SEO plugin. -->","yoast_head_json":{"title":"Scrunchie met vlag Kaapverdi\u00eb - GoodRate.nl","robots":{"index":"index","follow":"follow","max-snippet":"max-snippet:-1","max-image-preview":"max-image-preview:large","max-video-preview":"max-video-preview:-1"},"canonical":"https:\/\/goodrate.nl\/en\/product\/scrunchie-met-vlag-kaapverdie\/","og_locale":"en_US","og_type":"article","og_title":"Scrunchie met vlag Kaapverdi\u00eb - GoodRate.nl","og_description":"Laat je Kaapverdische trots zien met deze stijlvolle haarscrunchie, ge\u00efnspireerd op de kleuren van de vlag van Kaapverdi\u00eb. Het diepe blauw, de rode streep en de cirkel van gele sterren geven deze scrunchie een elegante uitstraling met een vleugje eilandspirit. Perfect voor feestdagen, culturele evenementen of als betekenisvol mode-accessoire in het dagelijks leven. Formaat: Medium [&hellip;]","og_url":"https:\/\/goodrate.nl\/en\/product\/scrunchie-met-vlag-kaapverdie\/","og_site_name":"GoodRate.nl","article_publisher":"https:\/\/www.facebook.com\/goodratenl","article_modified_time":"2026-04-09T12:15:16+00:00","og_image":[{"width":707,"height":707,"url":"https:\/\/goodrate.nl\/wp-content\/uploads\/2025\/10\/scrunchie-kaapverdie-voorkant.png","type":"image\/png"}],"twitter_card":"summary_large_image","twitter_misc":{"Est. reading time":"1 minute"},"schema":{"@context":"https:\/\/schema.org","@graph":[{"@type":"WebPage","@id":"https:\/\/goodrate.nl\/product\/scrunchie-met-vlag-kaapverdie\/","url":"https:\/\/goodrate.nl\/product\/scrunchie-met-vlag-kaapverdie\/","name":"Scrunchie met vlag Kaapverdi\u00eb - GoodRate.nl","isPartOf":{"@id":"https:\/\/goodrate.nl\/#website"},"primaryImageOfPage":{"@id":"https:\/\/goodrate.nl\/product\/scrunchie-met-vlag-kaapverdie\/#primaryimage"},"image":{"@id":"https:\/\/goodrate.nl\/product\/scrunchie-met-vlag-kaapverdie\/#primaryimage"},"thumbnailUrl":"https:\/\/i0.wp.com\/goodrate.nl\/wp-content\/uploads\/2025\/10\/scrunchie-kaapverdie-voorkant.png?fit=707%2C707&ssl=1","datePublished":"2025-10-18T01:12:47+00:00","dateModified":"2026-04-09T12:15:16+00:00","breadcrumb":{"@id":"https:\/\/goodrate.nl\/product\/scrunchie-met-vlag-kaapverdie\/#breadcrumb"},"inLanguage":"en-US","potentialAction":[{"@type":"ReadAction","target":["https:\/\/goodrate.nl\/product\/scrunchie-met-vlag-kaapverdie\/"]}]},{"@type":"ImageObject","inLanguage":"en-US","@id":"https:\/\/goodrate.nl\/product\/scrunchie-met-vlag-kaapverdie\/#primaryimage","url":"https:\/\/i0.wp.com\/goodrate.nl\/wp-content\/uploads\/2025\/10\/scrunchie-kaapverdie-voorkant.png?fit=707%2C707&ssl=1","contentUrl":"https:\/\/i0.wp.com\/goodrate.nl\/wp-content\/uploads\/2025\/10\/scrunchie-kaapverdie-voorkant.png?fit=707%2C707&ssl=1","width":707,"height":707},{"@type":"BreadcrumbList","@id":"https:\/\/goodrate.nl\/product\/scrunchie-met-vlag-kaapverdie\/#breadcrumb","itemListElement":[{"@type":"ListItem","position":1,"name":"Home","item":"https:\/\/goodrate.nl\/"},{"@type":"ListItem","position":2,"name":"Shop","item":"https:\/\/goodrate.nl\/shop\/"},{"@type":"ListItem","position":3,"name":"Scrunchie met vlag Kaapverdi\u00eb"}]},{"@type":"WebSite","@id":"https:\/\/goodrate.nl\/#website","url":"https:\/\/goodrate.nl\/","name":"GoodRate","description":"De leukste handgemaakte kleding en accessoires","publisher":{"@id":"https:\/\/goodrate.nl\/#organization"},"potentialAction":[{"@type":"SearchAction","target":{"@type":"EntryPoint","urlTemplate":"https:\/\/goodrate.nl\/?s={search_term_string}"},"query-input":{"@type":"PropertyValueSpecification","valueRequired":true,"valueName":"search_term_string"}}],"inLanguage":"en-US"},{"@type":"Organization","@id":"https:\/\/goodrate.nl\/#organization","name":"GoodRate","url":"https:\/\/goodrate.nl\/","logo":{"@type":"ImageObject","inLanguage":"en-US","@id":"https:\/\/goodrate.nl\/#\/schema\/logo\/image\/","url":"","contentUrl":"","caption":"GoodRate"},"image":{"@id":"https:\/\/goodrate.nl\/#\/schema\/logo\/image\/"},"sameAs":["https:\/\/www.facebook.com\/goodratenl","https:\/\/www.instagram.com\/goodratenl\/","https:\/\/www.tiktok.com\/@goodratenl"]}]}},"jetpack_publicize_connections":[],"jetpack_sharing_enabled":true,"_links":{"self":[{"href":"https:\/\/goodrate.nl\/en\/wp-json\/wp\/v2\/product\/11218","targetHints":{"allow":["GET"]}}],"collection":[{"href":"https:\/\/goodrate.nl\/en\/wp-json\/wp\/v2\/product"}],"about":[{"href":"https:\/\/goodrate.nl\/en\/wp-json\/wp\/v2\/types\/product"}],"replies":[{"embeddable":true,"href":"https:\/\/goodrate.nl\/en\/wp-json\/wp\/v2\/comments?post=11218"}],"version-history":[{"count":2,"href":"https:\/\/goodrate.nl\/en\/wp-json\/wp\/v2\/product\/11218\/revisions"}],"predecessor-version":[{"id":11220,"href":"https:\/\/goodrate.nl\/en\/wp-json\/wp\/v2\/product\/11218\/revisions\/11220"}],"wp:featuredmedia":[{"embeddable":true,"href":"https:\/\/goodrate.nl\/en\/wp-json\/wp\/v2\/media\/12169"}],"wp:attachment":[{"href":"https:\/\/goodrate.nl\/en\/wp-json\/wp\/v2\/media?parent=11218"}],"wp:term":[{"taxonomy":"product_brand","embeddable":true,"href":"https:\/\/goodrate.nl\/en\/wp-json\/wp\/v2\/product_brand?post=11218"},{"taxonomy":"product_cat","embeddable":true,"href":"https:\/\/goodrate.nl\/en\/wp-json\/wp\/v2\/product_cat?post=11218"},{"taxonomy":"product_tag","embeddable":true,"href":"https:\/\/goodrate.nl\/en\/wp-json\/wp\/v2\/product_tag?post=11218"}],"curies":[{"name":"wp","href":"https:\/\/api.w.org\/{rel}","templated":true}]}}